{"id":648,"date":"2014-02-03T22:40:50","date_gmt":"2014-02-03T22:40:50","guid":{"rendered":"http:\/\/www.harrietgross.com\/?page_id=648"},"modified":"2014-02-07T21:08:44","modified_gmt":"2014-02-07T21:08:44","slug":"metronome","status":"publish","type":"page","link":"http:\/\/www.harrietgross.com\/?page_id=648","title":{"rendered":"METRONOME"},"content":{"rendered":"<p>METRONOME, 2012, Fensterinstallation aus Papier Cutouts, Tape, Audioguides.<\/p>\n<p>Setting: <\/p>\n<p>Am Fenster wird mit Tape ein Ausstellungsraum skizziert, Rahmen werden vorgegeben, die bewegten Exponate ergeben sich durch das Geschehen auf der Stra\u00dfe (\u00e4u\u00dfere Realit\u00e4t)<br \/>\nPapier Cutouts zeigen Ausstellungsbesucher, die mit verschiedensten medialen Ger\u00e4ten (Audioguides, Smartphones, Handys, Digicams&#8230;) okkupiert sind. In den K\u00f6pfen sieht man schwarze Leerstellen\/L\u00f6cher<br \/>\n4 Audioguidemodelle mit dem Sound einer Mrt Untersuchung des Kopfes. (mittels eines Magnetfeldes werden Bilder vom Kopf erzeugt f\u00fcr diagnostische Zwecke, Soundph\u00e4nomene sind Nebenprodukt, werden von den Probanden meist als sehr unangehnem empfunden, bekommen Kopfh\u00f6rer auf, da sehr laut und eindringlich. Der Sound entwickelt einen interessanten Beat, erinnert an Techno mit Presslufthammern).<\/p>\n<p>In jeder Ausstellung wird die Wahrnehmung gelenkt durch vorgegebene Routen und Informationen der Audioguides. 70-80% der Ausstellungsbesucher tragen diese Guides und sind 1\/3 der Zeit mit dem Ger\u00e4t und dem Suchen der beschriebenen Exponate besch\u00e4ftigt. Die Auswahl, die Abfolge und der Takt der Fokussierung, wird vorgegeben. Blicke werden durch die zeitgleich niederprasselnde Information festgelegt. Sehr selten habe ich erlebt, dass jemand beim Betrachten die Kopfh\u00f6rer abgezogen und frei sich auf das Erleben mit dem Gegen\u00fcber eingelassen hat. Kaum einer ist aus dem vorgegebenen Raster ausgebrochen und verweilte au\u00dferplanm\u00e4\u00dfig vor anderen nummerlosen Arbeiten mit der gleichen scheinbaren Intensit\u00e4t.<\/p>\n<p>Ich denke, dass die Gleichzeitigkeit der Information, die mittels der Kopfh\u00f6rer so bequem gegeben scheint, auch die individuellen Wahrnehmungsfilter angleicht und kanalisiert. Die Blicke werden genormt und das Erleben angepasst. Diese medialisierte Wahrnehmungssteuerung f\u00fchrt zu einer Kanonisierung der Wahrnehmung. H\u00e4ufig werden die Informationen noch mit sinnentleerten Klangeffekten oder einer seichten Berieselung zur Entspannung der Aufmerksamkeitsfenster unterlegt oder geeignete apps f\u00fcr das Smartphone angeboten. Die dem Bildungsauftrag folgende Kunstvermittlung vieler Ausstellungsh\u00e4user l\u00e4uft dem Erfahren von Kunst diametral entgegen.<\/p>\n<p>In der Arbeit Metronome \u00fcbernehmen die einh\u00e4mmernden Sounds der Mrt Untersuchung die<br \/>\nFunktion des Vermittlungsauftrags, sie sollen st\u00f6ren empfindlich, \u00fcberl\u00e4\u00dft man sich Ihnen, da man wie in der Untersuchung, ja ausgeliefert ist, werden sie zur eigenst\u00e4ndigen Arbeit mit ihren Ger\u00e4uschen und Rhythmen.<\/p>\n<p>Meine Arbeit ist ein Aufruf sich wieder frei zu machen, seinen eigenen Instinkten und Urteilen zu vertrauen. Zur\u00fcck zur freien Betrachtung und der eigenen Kreativit\u00e4t!<\/p>\n<p>Harriet Gro\u00df, 2012<\/p>\n","protected":false},"excerpt":{"rendered":"<p>METRONOME, 2012, Fensterinstallation aus Papier Cutouts, Tape, Audioguides. Setting: Am Fenster wird mit Tape ein Ausstellungsraum skizziert, Rahmen werden vorgegeben, die bewegten Exponate ergeben sich durch das Geschehen auf der Stra\u00dfe (\u00e4u\u00dfere Realit\u00e4t) Papier Cutouts zeigen Ausstellungsbesucher, die mit verschiedensten &hellip; <a href=\"http:\/\/www.harrietgross.com\/?page_id=648\">Weiterlesen <span class=\"meta-nav\">&rarr;<\/span><\/a><\/p>\n","protected":false},"author":2,"featured_media":0,"parent":23,"menu_order":0,"comment_status":"closed","ping_status":"closed","template":"text-template.php","meta":{"ngg_post_thumbnail":0},"_links":{"self":[{"href":"http:\/\/www.harrietgross.com\/index.php?rest_route=\/wp\/v2\/pages\/648"}],"collection":[{"href":"http:\/\/www.harrietgross.com\/index.php?rest_route=\/wp\/v2\/pages"}],"about":[{"href":"http:\/\/www.harrietgross.com\/index.php?rest_route=\/wp\/v2\/types\/page"}],"author":[{"embeddable":true,"href":"http:\/\/www.harrietgross.com\/index.php?rest_route=\/wp\/v2\/users\/2"}],"replies":[{"embeddable":true,"href":"http:\/\/www.harrietgross.com\/index.php?rest_route=%2Fwp%2Fv2%2Fcomments&post=648"}],"version-history":[{"count":1,"href":"http:\/\/www.harrietgross.com\/index.php?rest_route=\/wp\/v2\/pages\/648\/revisions"}],"predecessor-version":[{"id":649,"href":"http:\/\/www.harrietgross.com\/index.php?rest_route=\/wp\/v2\/pages\/648\/revisions\/649"}],"up":[{"embeddable":true,"href":"http:\/\/www.harrietgross.com\/index.php?rest_route=\/wp\/v2\/pages\/23"}],"wp:attachment":[{"href":"http:\/\/www.harrietgross.com\/index.php?rest_route=%2Fwp%2Fv2%2Fmedia&parent=648"}],"curies":[{"name":"wp","href":"https:\/\/api.w.org\/{rel}","templated":true}]}}