{"id":308,"date":"2012-05-01T17:05:23","date_gmt":"2012-05-01T17:05:23","guid":{"rendered":"http:\/\/website.harrietgross.com\/?page_id=308"},"modified":"2012-05-18T16:03:53","modified_gmt":"2012-05-18T16:03:53","slug":"verena-dollenmaier","status":"publish","type":"page","link":"http:\/\/www.harrietgross.com\/?page_id=308","title":{"rendered":"Schnitte in R\u00e4umen"},"content":{"rendered":"<p><em>Von Verena Dollenmaier<\/em><\/p>\n<p>Die Cut Outs von Harriet Gro\u00df, aus Papier oder Metallfolie geschnitten, sind konzentrierte Arbeiten, deren Inhalte um die Bedingungen menschlicher Wahrnehmung und Kommunikation kreisen. Die K\u00fcnstlerin verwendet eine signifikante Bildsprache: \u00dcberwachungskameras und Ferngl\u00e4ser visualisieren diese Themenkomplexe ebenso wie das Datenkabel-Wurzelwerk unter urbanen Architekturen oder St\u00fchle und Sofas, auf denen man sich niederl\u00e4sst, um zu kommunizieren.<\/p>\n<p>Schr\u00e4gperspektiven und klare Kompositionen, die linearen Formen, bis hin zu strengen Rasterungen den Vorzug geben, werden mit feinteiligen und sehr detailliert ausgearbeiteten Bildelementen kombiniert. Eine der h\u00e4ufig wiederkehrenden Grundformen ist ein gew\u00f6lbtes Oval, das auf das Gesichtsfeld des Menschen Bezug nimmt, also die \u201eForm\u201c, durch die wir unsere Umgebung sehen. Diese Form verortet Harriet Gro\u00df in weite, an der Wand verspannte Schnurzeichnungen von fiktiven R\u00e4umen. Durch diese Ideen- und Erinnerungsr\u00e4ume wandert der Betrachter und trifft auf Schablonen, die den aus eigener Erfahrung gepr\u00e4gten Blick weiten k\u00f6nnen. Es ist ein Wandern an der Schwelle, dem Moment des \u00dcbergangs, des Dazwischen, in dem sich erst Bedeutung konstituiert, den die K\u00fcnstlerin auszutarieren versucht.<\/p>\n<p>Der filigranen Formensprache und fragilen Materialstruktur der Cut Outs steht ihr pr\u00e4gnanter Kontrast zum hellen Untergrund entgegen. Die Arbeiten werden h\u00e4ufig mit einem leichtem Abstand zur Wand gezeigt; ihre R\u00fcckseiten sind teilweise mit einer fluoreszierenden Farbe bearbeitet und werfen dadurch einen leuchtenden Schatten, der den Objekten etwas Malerisches und Schwebendes verleiht. In neueren Arbeiten greifen Glasobjekte den Gedanken der Schwelle zwischen zwei Zust\u00e4nden auf; sie werden h\u00e4ufig mit Zeichnungen und Scherenschnitten zu komplexen Rauminstallationen erweitert.<\/p>\n","protected":false},"excerpt":{"rendered":"<p>Von Verena Dollenmaier Die Cut Outs von Harriet Gro\u00df, aus Papier oder Metallfolie geschnitten, sind konzentrierte Arbeiten, deren Inhalte um die Bedingungen menschlicher Wahrnehmung und Kommunikation kreisen. Die K\u00fcnstlerin verwendet eine signifikante Bildsprache: \u00dcberwachungskameras und Ferngl\u00e4ser visualisieren diese Themenkomplexe ebenso &hellip; <a href=\"http:\/\/www.harrietgross.com\/?page_id=308\">Weiterlesen <span class=\"meta-nav\">&rarr;<\/span><\/a><\/p>\n","protected":false},"author":3,"featured_media":0,"parent":23,"menu_order":0,"comment_status":"closed","ping_status":"closed","template":"text-template.php","meta":{"ngg_post_thumbnail":0},"_links":{"self":[{"href":"http:\/\/www.harrietgross.com\/index.php?rest_route=\/wp\/v2\/pages\/308"}],"collection":[{"href":"http:\/\/www.harrietgross.com\/index.php?rest_route=\/wp\/v2\/pages"}],"about":[{"href":"http:\/\/www.harrietgross.com\/index.php?rest_route=\/wp\/v2\/types\/page"}],"author":[{"embeddable":true,"href":"http:\/\/www.harrietgross.com\/index.php?rest_route=\/wp\/v2\/users\/3"}],"replies":[{"embeddable":true,"href":"http:\/\/www.harrietgross.com\/index.php?rest_route=%2Fwp%2Fv2%2Fcomments&post=308"}],"version-history":[{"count":4,"href":"http:\/\/www.harrietgross.com\/index.php?rest_route=\/wp\/v2\/pages\/308\/revisions"}],"predecessor-version":[{"id":312,"href":"http:\/\/www.harrietgross.com\/index.php?rest_route=\/wp\/v2\/pages\/308\/revisions\/312"}],"up":[{"embeddable":true,"href":"http:\/\/www.harrietgross.com\/index.php?rest_route=\/wp\/v2\/pages\/23"}],"wp:attachment":[{"href":"http:\/\/www.harrietgross.com\/index.php?rest_route=%2Fwp%2Fv2%2Fmedia&parent=308"}],"curies":[{"name":"wp","href":"https:\/\/api.w.org\/{rel}","templated":true}]}}