{"id":2938,"date":"2024-09-12T12:03:56","date_gmt":"2024-09-12T10:03:56","guid":{"rendered":"http:\/\/www.harrietgross.com\/?page_id=2938"},"modified":"2024-09-12T12:11:51","modified_gmt":"2024-09-12T10:11:51","slug":"collapsing-orders","status":"publish","type":"page","link":"http:\/\/www.harrietgross.com\/?page_id=2938","title":{"rendered":"Collapsing Orders"},"content":{"rendered":"<p><span style=\"font-family: Arial, sans-serif;\"><span style=\"font-size: small;\">Harriet Gro\u00df<\/span><\/span><\/p>\n<p><span style=\"font-family: Arial, sans-serif;\"><span style=\"font-size: small;\"><b>Collapsing Orders <\/b><\/span><\/span><\/p>\n<p><span style=\"font-family: Arial, sans-serif;\"><span style=\"font-size: small;\">12.April \u2013 11.Mai 2024<\/span><\/span><\/p>\n<p><span style=\"font-family: Arial, sans-serif;\"><span style=\"font-size: small;\">Vernissage: Donnerstag 11.April, 18-21 Uhr<br \/>\nFinissage: Samstag, 11. Mai, 16-19 Uhr<\/span><\/span><\/p>\n<p align=\"left\"><span style=\"font-family: Arial, sans-serif;\"><span style=\"font-size: small;\"><span style=\"color: #000000;\">Odalisque <\/span><span style=\"color: #000000;\"><span lang=\"de-DE\">\u2013 <\/span><\/span><span style=\"color: #000000;\">Raum f\u00fcr Kunst &amp; Embodiment, Goethestra\u00dfe 84, 10623 Berlin<\/span><\/span><\/span><\/p>\n<p align=\"left\">&nbsp;<\/p>\n<p align=\"left\"><span style=\"font-family: Arial, sans-serif;\"><span style=\"font-size: small;\"><span style=\"color: #000000;\">Ich bin<\/span><span style=\"color: #000000;\"> Zeichnerin. <\/span><span style=\"color: #000000;\">Mit der Linie als Ausgangspunkt untersuch<\/span><span style=\"color: #000000;\">e<\/span> <span style=\"color: #000000;\">ich <\/span><span style=\"color: #000000;\">Grenzen als Schwellen, <\/span><span style=\"color: #000000;\">um sie<\/span><span style=\"color: #000000;\"> als M<\/span><span style=\"color: #000000;\"><span lang=\"de-DE\">\u00f6glichkeitsr\u00e4ume auf<\/span><\/span><span style=\"color: #000000;\"><span lang=\"de-DE\">zuf\u00e4chern.<\/span><\/span><\/span><\/span><\/p>\n<p align=\"left\"><span style=\"font-family: Arial, sans-serif;\"><span style=\"font-size: small;\">In meinen neuen Arbeiten f<span lang=\"de-DE\">\u00fcr die <\/span>Ausstellung <i>Collapsing Orders<\/i> fokussiere ich mich abermals auf den Begriff der St\u00f6rung: der St\u00f6rung von Ordnungen, die \u00fcberall um uns herum ins Wanken geraten bis zum Zerrei\u00dfen. Der Ri\u00df bleibt sichtbar, doch einer Verh\u00e4rtung durch Emotionen, wie der vom Hass geleiteten, m\u00f6chte ich eine gedankliche Beweglichkeit entgegensetzen, weg von den Folgen einer sich abzeichnenden gesellschaftlichen Polarisierung und einem schwarz-wei<span lang=\"de-DE\">\u00df Denken.<\/span><\/span><\/span><\/p>\n<p align=\"left\"><span style=\"font-family: Arial, sans-serif;\"><span style=\"font-size: small;\">Die Lentikulardrucke aus der Serie \u201eFratzen\u201c sind als Reaktion auf das Massaker und die Gr\u00e4ueltaten der Kriege entstanden. Fratzen der Entmenschlichung, entwickelt aus Aufnahmen meiner Werkgruppe \u201eInterferenzen\u201c, <span lang=\"de-DE\">\u00fc<\/span><span lang=\"de-DE\">berlagern sich<\/span> <span lang=\"de-DE\">mit <\/span>aufbrechenden Oberfl\u00e4chenrastern. <\/span><\/span><\/p>\n<p align=\"left\"><span style=\"font-family: Arial, sans-serif;\"><span style=\"font-size: small;\">Je nach Betrachterstandpunkt treten aus den Graut<span lang=\"de-DE\">\u00f6nen <\/span><span lang=\"de-DE\">unterschiedlich<\/span><span lang=\"de-DE\"> lesbare Bilder hervor. <\/span><span lang=\"de-DE\">Gleich einem Glitch, einem Gleiten, <\/span><span lang=\"de-DE\">beschreibt dies unser Empfinden<\/span><span lang=\"de-DE\"> keinen Halt mehr zu finden. <\/span><span lang=\"de-DE\">Die <\/span><span lang=\"de-DE\">Moniergittern <\/span><span lang=\"de-DE\">der Raumzeichnung <\/span><span lang=\"de-DE\">k\u00f6nnen <\/span><span lang=\"de-DE\">ihrem urspr\u00fcnglichen Zweck folgen und <\/span><span lang=\"de-DE\">der Stabilisierung dienen, einem Schutz; doch k\u00f6nnen sie auch <\/span><span lang=\"de-DE\">f\u00fcr <\/span><span lang=\"de-DE\">erstarrte Ordnung<\/span><span lang=\"de-DE\">en<\/span> <span lang=\"de-DE\">und<\/span><span lang=\"de-DE\"> Ausgrenzung <\/span><span lang=\"de-DE\">stehen<\/span><span lang=\"de-DE\">, je nach Lesart des Betrachters. <\/span><\/span><\/span><\/p>\n<p align=\"left\"><span style=\"font-family: Arial, sans-serif;\"><span style=\"font-size: small;\"><span lang=\"de-DE\">Wie kann man Chaos und Ordnung erneut in ein Gleichgewicht bekommen, <\/span><span lang=\"de-DE\">wenn sich alles im Flu\u00df<\/span><span lang=\"de-DE\"> befindet? <\/span>Beide sind nur mit dem Konzept des je anderen denkbar. Mich interessieren die Zwischent\u00f6ne, die durch St\u00f6rungen sichtbar werden k\u00f6nnen, ein gedankliches Pendeln, das Akzeptieren des je Anderen, es stehenlassen und denken zu k\u00f6nnen. Dies w\u00e4re \u201e Im Fluss sein\u201c positiv gedacht, ganz im Sinne Michel Serres.<\/span><\/span><\/p>\n<p align=\"left\"><span style=\"font-family: Arial, sans-serif;\"><span style=\"font-size: small;\">Berlin 2024, Harriet Gro\u00df<\/span><\/span><\/p>\n","protected":false},"excerpt":{"rendered":"<p>Harriet Gro\u00df Collapsing Orders 12.April \u2013 11.Mai 2024 Vernissage: Donnerstag 11.April, 18-21 Uhr Finissage: Samstag, 11. Mai, 16-19 Uhr Odalisque \u2013 Raum f\u00fcr Kunst &amp; Embodiment, Goethestra\u00dfe 84, 10623 Berlin &nbsp; Ich bin Zeichnerin. Mit der Linie als Ausgangspunkt untersuche &hellip; <a href=\"http:\/\/www.harrietgross.com\/?page_id=2938\">Weiterlesen <span class=\"meta-nav\">&rarr;<\/span><\/a><\/p>\n","protected":false},"author":2,"featured_media":0,"parent":23,"menu_order":0,"comment_status":"closed","ping_status":"closed","template":"","meta":{"ngg_post_thumbnail":0},"_links":{"self":[{"href":"http:\/\/www.harrietgross.com\/index.php?rest_route=\/wp\/v2\/pages\/2938"}],"collection":[{"href":"http:\/\/www.harrietgross.com\/index.php?rest_route=\/wp\/v2\/pages"}],"about":[{"href":"http:\/\/www.harrietgross.com\/index.php?rest_route=\/wp\/v2\/types\/page"}],"author":[{"embeddable":true,"href":"http:\/\/www.harrietgross.com\/index.php?rest_route=\/wp\/v2\/users\/2"}],"replies":[{"embeddable":true,"href":"http:\/\/www.harrietgross.com\/index.php?rest_route=%2Fwp%2Fv2%2Fcomments&post=2938"}],"version-history":[{"count":1,"href":"http:\/\/www.harrietgross.com\/index.php?rest_route=\/wp\/v2\/pages\/2938\/revisions"}],"predecessor-version":[{"id":2939,"href":"http:\/\/www.harrietgross.com\/index.php?rest_route=\/wp\/v2\/pages\/2938\/revisions\/2939"}],"up":[{"embeddable":true,"href":"http:\/\/www.harrietgross.com\/index.php?rest_route=\/wp\/v2\/pages\/23"}],"wp:attachment":[{"href":"http:\/\/www.harrietgross.com\/index.php?rest_route=%2Fwp%2Fv2%2Fmedia&parent=2938"}],"curies":[{"name":"wp","href":"https:\/\/api.w.org\/{rel}","templated":true}]}}