{"id":1672,"date":"2018-11-11T16:18:41","date_gmt":"2018-11-11T16:18:41","guid":{"rendered":"http:\/\/www.harrietgross.com\/?page_id=1672"},"modified":"2018-11-17T12:31:31","modified_gmt":"2018-11-17T12:31:31","slug":"gegenwaertig","status":"publish","type":"page","link":"http:\/\/www.harrietgross.com\/?page_id=1672","title":{"rendered":"gegenw\u00e4rtig"},"content":{"rendered":"<h1>gegenw\u00e4rtig<\/h1>\n<p><a href=\"http:\/\/www.harrietgross.com\/wp-content\/uploads\/2018\/11\/Aufbau-Im-Kontrapunkt-Hellerau.jpg\"><img decoding=\"async\" loading=\"lazy\" class=\"size-medium wp-image-1880 alignright\" src=\"http:\/\/www.harrietgross.com\/wp-content\/uploads\/2018\/11\/Aufbau-Im-Kontrapunkt-Hellerau-230x300.jpg\" alt=\"\" width=\"230\" height=\"300\" srcset=\"http:\/\/www.harrietgross.com\/wp-content\/uploads\/2018\/11\/Aufbau-Im-Kontrapunkt-Hellerau-230x300.jpg 230w, http:\/\/www.harrietgross.com\/wp-content\/uploads\/2018\/11\/Aufbau-Im-Kontrapunkt-Hellerau-768x1003.jpg 768w, http:\/\/www.harrietgross.com\/wp-content\/uploads\/2018\/11\/Aufbau-Im-Kontrapunkt-Hellerau-784x1024.jpg 784w, http:\/\/www.harrietgross.com\/wp-content\/uploads\/2018\/11\/Aufbau-Im-Kontrapunkt-Hellerau.jpg 1925w\" sizes=\"(max-width: 230px) 100vw, 230px\" \/><\/a>Harriet Gro\u00df arbeitet mit R\u00e4umen. Mit ihrem Material (Tusche, Tape, Schnur, Stangen, Schl\u00e4uchen, Jalousien und dem Cutter) zeichnet sie in stark reduzierter Farbigkeit Strukturen und Spuren unserer Konstrukte von Erinnerungs-, Ideen- oder Sozialr\u00e4umen in vorgefundene R\u00e4ume ein. Sie folgt dem Rhythmus der Gedanken und lenkt den Blick auf \u00dcberg\u00e4nge und L\u00fccken. Darin verortet sie immer wieder einzelne konkrete Elemente, die auf das Hier und Jetzt verweisen. Die aktive Konstruktion des Raumbildes durch den Betrachter ist ein wichtiger Aspekt ihrer Arbeit.<\/p>\n<p>Sie lebt und arbeitet in Berlin.<\/p>\n<p>&lt;\/http:\/\/www.harrietgross.com\/ul&gt;<\/p>\n","protected":false},"excerpt":{"rendered":"<p>gegenw\u00e4rtig Harriet Gro\u00df arbeitet mit R\u00e4umen. Mit ihrem Material (Tusche, Tape, Schnur, Stangen, Schl\u00e4uchen, Jalousien und dem Cutter) zeichnet sie in stark reduzierter Farbigkeit Strukturen und Spuren unserer Konstrukte von Erinnerungs-, Ideen- oder Sozialr\u00e4umen in vorgefundene R\u00e4ume ein. Sie folgt &hellip; <a href=\"http:\/\/www.harrietgross.com\/?page_id=1672\">Weiterlesen <span class=\"meta-nav\">&rarr;<\/span><\/a><\/p>\n","protected":false},"author":3,"featured_media":0,"parent":0,"menu_order":0,"comment_status":"closed","ping_status":"closed","template":"work-template.php","meta":{"ngg_post_thumbnail":0},"_links":{"self":[{"href":"http:\/\/www.harrietgross.com\/index.php?rest_route=\/wp\/v2\/pages\/1672"}],"collection":[{"href":"http:\/\/www.harrietgross.com\/index.php?rest_route=\/wp\/v2\/pages"}],"about":[{"href":"http:\/\/www.harrietgross.com\/index.php?rest_route=\/wp\/v2\/types\/page"}],"author":[{"embeddable":true,"href":"http:\/\/www.harrietgross.com\/index.php?rest_route=\/wp\/v2\/users\/3"}],"replies":[{"embeddable":true,"href":"http:\/\/www.harrietgross.com\/index.php?rest_route=%2Fwp%2Fv2%2Fcomments&post=1672"}],"version-history":[{"count":9,"href":"http:\/\/www.harrietgross.com\/index.php?rest_route=\/wp\/v2\/pages\/1672\/revisions"}],"predecessor-version":[{"id":1881,"href":"http:\/\/www.harrietgross.com\/index.php?rest_route=\/wp\/v2\/pages\/1672\/revisions\/1881"}],"wp:attachment":[{"href":"http:\/\/www.harrietgross.com\/index.php?rest_route=%2Fwp%2Fv2%2Fmedia&parent=1672"}],"curies":[{"name":"wp","href":"https:\/\/api.w.org\/{rel}","templated":true}]}}